{"id":10,"date":"2018-03-06T15:14:26","date_gmt":"2018-03-06T15:14:26","guid":{"rendered":"http:\/\/www.jive.nu\/?page_id=10"},"modified":"2018-03-06T15:15:37","modified_gmt":"2018-03-06T15:15:37","slug":"om-sidan","status":"publish","type":"page","link":"https:\/\/www.jive.nu\/?page_id=10","title":{"rendered":"Om sidan"},"content":{"rendered":"<p>Hej p\u00e5 er l\u00e4sare, tack f\u00f6r att ni v\u00e4ljer att titta in p\u00e5 sidan. H\u00e4r kommer jag att skriva bil-relaterade artiklar som fr\u00e4mst handlar om Volvo, ett m\u00e4rkte som jag kan identifiera mig ut i fingerspetsarna. Med j\u00e4mna mellanrum kommer jag \u00e4ven att skriva lite personliga inl\u00e4gg och ha d\u00e4rf\u00f6r \u00f6verseende med att kvaliten p\u00e5 material kan variera beroende p\u00e5 hur mycket tid som finns tillg\u00e4ngligt p\u00e5 schemat. Jag hoppas att ni trivs och kontakta mig g\u00e4rna om ni har n\u00e5gra fr\u00e5gor. min e-post \u00e4r volvo@jive.nu.<\/p>\n<p>V\u00e4nlig h\u00e4lsning,<br \/>\n\/Jive<\/p>\n","protected":false},"excerpt":{"rendered":"<p>Hej p\u00e5 er l\u00e4sare, tack f\u00f6r att ni v\u00e4ljer att titta in p\u00e5 sidan. H\u00e4r kommer jag att skriva bil-relaterade artiklar som fr\u00e4mst handlar om Volvo, ett m\u00e4rkte som jag kan identifiera mig ut i fingerspetsarna. Med j\u00e4mna mellanrum kommer jag \u00e4ven att skriva lite personliga inl\u00e4gg och ha d\u00e4rf\u00f6r \u00f6verseende med att kvaliten p\u00e5 material kan variera beroende p\u00e5 hur mycket tid som finns tillg\u00e4ngligt p\u00e5 schemat. Jag hoppas att ni trivs och kontakta mig g\u00e4rna om ni har n\u00e5gra fr\u00e5gor. min e-post \u00e4r volvo@jive.nu. V\u00e4nlig h\u00e4lsning, \/Jive<\/p>\n","protected":false},"author":1,"featured_media":12,"parent":0,"menu_order":0,"comment_status":"closed","ping_status":"closed","template":"","meta":{"footnotes":""},"_links":{"self":[{"href":"https:\/\/www.jive.nu\/index.php?rest_route=\/wp\/v2\/pages\/10"}],"collection":[{"href":"https:\/\/www.jive.nu\/index.php?rest_route=\/wp\/v2\/pages"}],"about":[{"href":"https:\/\/www.jive.nu\/index.php?rest_route=\/wp\/v2\/types\/page"}],"author":[{"embeddable":true,"href":"https:\/\/www.jive.nu\/index.php?rest_route=\/wp\/v2\/users\/1"}],"replies":[{"embeddable":true,"href":"https:\/\/www.jive.nu\/index.php?rest_route=%2Fwp%2Fv2%2Fcomments&post=10"}],"version-history":[{"count":1,"href":"https:\/\/www.jive.nu\/index.php?rest_route=\/wp\/v2\/pages\/10\/revisions"}],"predecessor-version":[{"id":11,"href":"https:\/\/www.jive.nu\/index.php?rest_route=\/wp\/v2\/pages\/10\/revisions\/11"}],"wp:featuredmedia":[{"embeddable":true,"href":"https:\/\/www.jive.nu\/index.php?rest_route=\/wp\/v2\/media\/12"}],"wp:attachment":[{"href":"https:\/\/www.jive.nu\/index.php?rest_route=%2Fwp%2Fv2%2Fmedia&parent=10"}],"curies":[{"name":"wp","href":"https:\/\/api.w.org\/{rel}","templated":true}]}}